{"id":19,"date":"2018-04-29T17:34:11","date_gmt":"2018-04-29T16:34:11","guid":{"rendered":"http:\/\/vyrnab.cz\/?page_id=19"},"modified":"2022-07-25T10:40:57","modified_gmt":"2022-07-25T09:40:57","slug":"o-firme","status":"publish","type":"page","link":"https:\/\/vyrnab.cz\/?page_id=19","title":{"rendered":"O firm\u011b"},"content":{"rendered":"<p style=\"text-align: center;\">&#8220;Vyrnab.cz&#8221; je rodinn\u00e1 firma, kter\u00e1 se dostala na trh v roce 1992.<\/p>\n<p style=\"text-align: center;\">Na sv\u00e9m po\u010d\u00e1tku se zam\u011b\u0159ovala na v\u00fdrobu kuchyn\u00ed z lamina s masivn\u00edmy dv\u00ed\u0159ky a dopl\u0148ky.<br \/>Vybaveno bylo i nespo\u010det \u0161kol, kancel\u00e1\u0159\u00ed a firem.<br \/>D\u00edky sv\u00e9 poctiv\u00e9 pr\u00e1ci se v roce 2000 vystav\u011bly nov\u00e9 v\u00fdrobn\u00ed prostory, koupily poctiv\u00e9 stroje v\u010detn\u011b NC olepova\u010dky hran.<\/p>\n<p style=\"text-align: center;\">V\u00fdrobky se zde d\u011blaj\u00ed dodnes robustn\u00ed pro zaru\u010den\u00ed dlouh\u00e9 \u017eivotnosti.<\/p>\n<p style=\"text-align: right;\">\u00a0<\/p>\n<p style=\"text-align: center;\">\u00a0<\/p>\n<p style=\"text-align: center;\">\u00a0<\/p>\n\n\n<p><\/p>\n","protected":false},"excerpt":{"rendered":"<p>&#8220;Vyrnab.cz&#8221; je rodinn\u00e1 firma, kter\u00e1 se dostala na trh v roce 1992. Na sv\u00e9m po\u010d\u00e1tku se zam\u011b\u0159ovala na v\u00fdrobu kuchyn\u00ed z lamina s masivn\u00edmy dv\u00ed\u0159ky a dopl\u0148ky.Vybaveno bylo i nespo\u010det \u0161kol, kancel\u00e1\u0159\u00ed a firem.D\u00edky sv\u00e9 poctiv\u00e9 pr\u00e1ci se v roce 2000 vystav\u011bly nov\u00e9 v\u00fdrobn\u00ed prostory, koupily poctiv\u00e9 stroje v\u010detn\u011b NC olepova\u010dky hran. V\u00fdrobky se zde [&hellip;]<\/p>\n","protected":false},"author":1,"featured_media":0,"parent":0,"menu_order":0,"comment_status":"closed","ping_status":"closed","template":"","meta":[],"_links":{"self":[{"href":"https:\/\/vyrnab.cz\/index.php?rest_route=\/wp\/v2\/pages\/19"}],"collection":[{"href":"https:\/\/vyrnab.cz\/index.php?rest_route=\/wp\/v2\/pages"}],"about":[{"href":"https:\/\/vyrnab.cz\/index.php?rest_route=\/wp\/v2\/types\/page"}],"author":[{"embeddable":true,"href":"https:\/\/vyrnab.cz\/index.php?rest_route=\/wp\/v2\/users\/1"}],"replies":[{"embeddable":true,"href":"https:\/\/vyrnab.cz\/index.php?rest_route=%2Fwp%2Fv2%2Fcomments&post=19"}],"version-history":[{"count":12,"href":"https:\/\/vyrnab.cz\/index.php?rest_route=\/wp\/v2\/pages\/19\/revisions"}],"predecessor-version":[{"id":732,"href":"https:\/\/vyrnab.cz\/index.php?rest_route=\/wp\/v2\/pages\/19\/revisions\/732"}],"wp:attachment":[{"href":"https:\/\/vyrnab.cz\/index.php?rest_route=%2Fwp%2Fv2%2Fmedia&parent=19"}],"curies":[{"name":"wp","href":"https:\/\/api.w.org\/{rel}","templated":true}]}}