{"id":193,"date":"2020-01-22T11:02:12","date_gmt":"2020-01-22T10:02:12","guid":{"rendered":"http:\/\/vyrnab.cz\/?page_id=193"},"modified":"2021-01-27T17:17:07","modified_gmt":"2021-01-27T16:17:07","slug":"katalogy-a-akce","status":"publish","type":"page","link":"https:\/\/vyrnab.cz\/?page_id=193","title":{"rendered":"Katalogy a akce"},"content":{"rendered":"\n<div class=\"wp-block-image is-style-circle-mask\"><figure class=\"alignright size-large is-resized\"><a href=\"http:\/\/vyrnab.cz\/?page_id=134\"><img loading=\"lazy\" src=\"http:\/\/vyrnab.cz\/wp-content\/uploads\/2020\/01\/drevotrust5e12df948c16e-1.jpg\" alt=\"\" class=\"wp-image-203\" width=\"225\" height=\"223\" srcset=\"https:\/\/vyrnab.cz\/wp-content\/uploads\/2020\/01\/drevotrust5e12df948c16e-1.jpg 400w, https:\/\/vyrnab.cz\/wp-content\/uploads\/2020\/01\/drevotrust5e12df948c16e-1-150x150.jpg 150w\" sizes=\"(max-width: 225px) 100vw, 225px\" \/><\/a><figcaption>\u25b2Katalogy\u25b2<\/figcaption><\/figure><\/div>\n\n\n\n<div class=\"wp-block-image is-style-circle-mask\"><figure class=\"aligncenter size-large is-resized\"><a href=\"http:\/\/vyrnab.cz\/?page_id=196\"><img loading=\"lazy\" src=\"http:\/\/vyrnab.cz\/wp-content\/uploads\/2021\/01\/Vauth-sagel-2021.jpg\" alt=\"\" class=\"wp-image-566\" width=\"165\" height=\"234\" srcset=\"https:\/\/vyrnab.cz\/wp-content\/uploads\/2021\/01\/Vauth-sagel-2021.jpg 554w, https:\/\/vyrnab.cz\/wp-content\/uploads\/2021\/01\/Vauth-sagel-2021-212x300.jpg 212w\" sizes=\"(max-width: 165px) 100vw, 165px\" \/><\/a><figcaption>\u25b2 ak\u010dn\u00ed nab\u00eddky \u25b2<\/figcaption><\/figure><\/div>\n\n\n\n<p><\/p>\n","protected":false},"excerpt":{"rendered":"","protected":false},"author":1,"featured_media":0,"parent":0,"menu_order":0,"comment_status":"closed","ping_status":"closed","template":"","meta":[],"_links":{"self":[{"href":"https:\/\/vyrnab.cz\/index.php?rest_route=\/wp\/v2\/pages\/193"}],"collection":[{"href":"https:\/\/vyrnab.cz\/index.php?rest_route=\/wp\/v2\/pages"}],"about":[{"href":"https:\/\/vyrnab.cz\/index.php?rest_route=\/wp\/v2\/types\/page"}],"author":[{"embeddable":true,"href":"https:\/\/vyrnab.cz\/index.php?rest_route=\/wp\/v2\/users\/1"}],"replies":[{"embeddable":true,"href":"https:\/\/vyrnab.cz\/index.php?rest_route=%2Fwp%2Fv2%2Fcomments&post=193"}],"version-history":[{"count":7,"href":"https:\/\/vyrnab.cz\/index.php?rest_route=\/wp\/v2\/pages\/193\/revisions"}],"predecessor-version":[{"id":592,"href":"https:\/\/vyrnab.cz\/index.php?rest_route=\/wp\/v2\/pages\/193\/revisions\/592"}],"wp:attachment":[{"href":"https:\/\/vyrnab.cz\/index.php?rest_route=%2Fwp%2Fv2%2Fmedia&parent=193"}],"curies":[{"name":"wp","href":"https:\/\/api.w.org\/{rel}","templated":true}]}}