{"id":22,"date":"2018-04-29T17:34:11","date_gmt":"2018-04-29T16:34:11","guid":{"rendered":"http:\/\/vyrnab.cz\/?page_id=22"},"modified":"2021-02-01T12:05:30","modified_gmt":"2021-02-01T11:05:30","slug":"sluzby","status":"publish","type":"page","link":"https:\/\/vyrnab.cz\/?page_id=22","title":{"rendered":"Slu\u017eby"},"content":{"rendered":"<p><span style=\"font-family: impact, sans-serif;\">V\u00fdroba a mont\u00e1\u017e:<\/span><\/p>\n<p>N\u00e1bytek p\u0159ev\u00e1\u017en\u011b do interi\u00e9r\u016f\u00a0 z <a href=\"http:\/\/vyrnab.cz\/?page_id=112&amp;preview=true\">LTD, DTD d\u00fdhovan\u00e9, MDF<\/a>\u00a0 a\u00a0 masivn\u00edho d\u0159eva.<\/p>\n<p>Kusov\u00fd n\u00e1bytek z masivn\u00edho d\u0159eva jako stoly, komody, \u0161perkovnice a jin\u00e9.<\/p>\n<p>Drobn\u00e9 bytov\u00e9 a venkovn\u00ed dop\u0148ky, kuchy\u0148sk\u00e9 vybaven\u00ed a mnoho dal\u0161\u00edho.<\/p>\n<p><span style=\"font-family: impact, sans-serif;\">3D n\u00e1vrhy a vizualizace<\/span><\/p>\n<p>3D vizualizace v\u0161eho n\u00e1bytku na m\u00edru a kusov\u00e9ho n\u00e1bytku.<\/p>\n<p>\u00a0<\/p>\n\n\n<p><\/p>\n","protected":false},"excerpt":{"rendered":"<p>V\u00fdroba a mont\u00e1\u017e: N\u00e1bytek p\u0159ev\u00e1\u017en\u011b do interi\u00e9r\u016f\u00a0 z LTD, DTD d\u00fdhovan\u00e9, MDF\u00a0 a\u00a0 masivn\u00edho d\u0159eva. Kusov\u00fd n\u00e1bytek z masivn\u00edho d\u0159eva jako stoly, komody, \u0161perkovnice a jin\u00e9. Drobn\u00e9 bytov\u00e9 a venkovn\u00ed dop\u0148ky, kuchy\u0148sk\u00e9 vybaven\u00ed a mnoho dal\u0161\u00edho. 3D n\u00e1vrhy a vizualizace 3D vizualizace v\u0161eho n\u00e1bytku na m\u00edru a kusov\u00e9ho n\u00e1bytku. \u00a0<\/p>\n","protected":false},"author":1,"featured_media":0,"parent":0,"menu_order":0,"comment_status":"closed","ping_status":"closed","template":"","meta":[],"_links":{"self":[{"href":"https:\/\/vyrnab.cz\/index.php?rest_route=\/wp\/v2\/pages\/22"}],"collection":[{"href":"https:\/\/vyrnab.cz\/index.php?rest_route=\/wp\/v2\/pages"}],"about":[{"href":"https:\/\/vyrnab.cz\/index.php?rest_route=\/wp\/v2\/types\/page"}],"author":[{"embeddable":true,"href":"https:\/\/vyrnab.cz\/index.php?rest_route=\/wp\/v2\/users\/1"}],"replies":[{"embeddable":true,"href":"https:\/\/vyrnab.cz\/index.php?rest_route=%2Fwp%2Fv2%2Fcomments&post=22"}],"version-history":[{"count":11,"href":"https:\/\/vyrnab.cz\/index.php?rest_route=\/wp\/v2\/pages\/22\/revisions"}],"predecessor-version":[{"id":601,"href":"https:\/\/vyrnab.cz\/index.php?rest_route=\/wp\/v2\/pages\/22\/revisions\/601"}],"wp:attachment":[{"href":"https:\/\/vyrnab.cz\/index.php?rest_route=%2Fwp%2Fv2%2Fmedia&parent=22"}],"curies":[{"name":"wp","href":"https:\/\/api.w.org\/{rel}","templated":true}]}}