{"id":470,"date":"2020-01-22T23:31:17","date_gmt":"2020-01-22T22:31:17","guid":{"rendered":"http:\/\/vyrnab.cz\/?page_id=470"},"modified":"2020-01-22T23:45:13","modified_gmt":"2020-01-22T22:45:13","slug":"galerie","status":"publish","type":"page","link":"https:\/\/vyrnab.cz\/?page_id=470","title":{"rendered":"Galerie"},"content":{"rendered":"\n<div class=\"wp-block-image is-style-circle-mask\"><figure class=\"alignleft size-large is-resized\"><a href=\"http:\/\/vyrnab.cz\/?page_id=313\"><img loading=\"lazy\" src=\"http:\/\/vyrnab.cz\/wp-content\/uploads\/2020\/01\/Pi-1-1024x576.png\" alt=\"\" class=\"wp-image-263\" width=\"432\" height=\"242\" srcset=\"https:\/\/vyrnab.cz\/wp-content\/uploads\/2020\/01\/Pi-1-1024x576.png 1024w, https:\/\/vyrnab.cz\/wp-content\/uploads\/2020\/01\/Pi-1-300x169.png 300w, https:\/\/vyrnab.cz\/wp-content\/uploads\/2020\/01\/Pi-1-768x432.png 768w, https:\/\/vyrnab.cz\/wp-content\/uploads\/2020\/01\/Pi-1-1536x864.png 1536w, https:\/\/vyrnab.cz\/wp-content\/uploads\/2020\/01\/Pi-1-676x380.png 676w, https:\/\/vyrnab.cz\/wp-content\/uploads\/2020\/01\/Pi-1.png 1920w\" sizes=\"(max-width: 432px) 100vw, 432px\" \/><\/a><figcaption>\u25b2Grafick\u00e9 n\u00e1vrhy kuchyn\u00ed\u25b2<\/figcaption><\/figure><\/div>\n\n\n\n<div class=\"wp-block-image is-style-circle-mask\"><figure class=\"alignright size-large\"><a href=\"http:\/\/vyrnab.cz\/?page_id=367\"><img loading=\"lazy\" width=\"1024\" height=\"768\" src=\"http:\/\/vyrnab.cz\/wp-content\/uploads\/2020\/01\/CRE1-2-1024x768.jpg\" alt=\"\" class=\"wp-image-368\" srcset=\"https:\/\/vyrnab.cz\/wp-content\/uploads\/2020\/01\/CRE1-2-1024x768.jpg 1024w, https:\/\/vyrnab.cz\/wp-content\/uploads\/2020\/01\/CRE1-2-300x225.jpg 300w, https:\/\/vyrnab.cz\/wp-content\/uploads\/2020\/01\/CRE1-2-768x576.jpg 768w, https:\/\/vyrnab.cz\/wp-content\/uploads\/2020\/01\/CRE1-2-1536x1152.jpg 1536w, https:\/\/vyrnab.cz\/wp-content\/uploads\/2020\/01\/CRE1-2-2048x1536.jpg 2048w, https:\/\/vyrnab.cz\/wp-content\/uploads\/2020\/01\/CRE1-2-676x507.jpg 676w\" sizes=\"(max-width: 1024px) 100vw, 1024px\" \/><\/a><figcaption>\u25b2Od z\u00e1kazn\u00edk\u016f, z mont\u00e1\u017e\u00ed a jin\u00e9\u25b2<\/figcaption><\/figure><\/div>\n\n\n\n<figure class=\"wp-block-image alignwide size-large is-style-circle-mask\"><a href=\"http:\/\/vyrnab.cz\/?page_id=365\"><img loading=\"lazy\" width=\"1024\" height=\"576\" src=\"http:\/\/vyrnab.cz\/wp-content\/uploads\/2020\/01\/Mi-8-1024x576.png\" alt=\"\" class=\"wp-image-258\" srcset=\"https:\/\/vyrnab.cz\/wp-content\/uploads\/2020\/01\/Mi-8-1024x576.png 1024w, https:\/\/vyrnab.cz\/wp-content\/uploads\/2020\/01\/Mi-8-300x169.png 300w, https:\/\/vyrnab.cz\/wp-content\/uploads\/2020\/01\/Mi-8-768x432.png 768w, https:\/\/vyrnab.cz\/wp-content\/uploads\/2020\/01\/Mi-8-1536x864.png 1536w, https:\/\/vyrnab.cz\/wp-content\/uploads\/2020\/01\/Mi-8-676x380.png 676w, https:\/\/vyrnab.cz\/wp-content\/uploads\/2020\/01\/Mi-8.png 1920w\" sizes=\"(max-width: 1024px) 100vw, 1024px\" \/><\/a><figcaption>\u25b2Ostatn\u00ed grafick\u00e9 n\u00e1vrhy\u25b2<\/figcaption><\/figure>\n","protected":false},"excerpt":{"rendered":"","protected":false},"author":1,"featured_media":0,"parent":0,"menu_order":0,"comment_status":"closed","ping_status":"closed","template":"","meta":[],"_links":{"self":[{"href":"https:\/\/vyrnab.cz\/index.php?rest_route=\/wp\/v2\/pages\/470"}],"collection":[{"href":"https:\/\/vyrnab.cz\/index.php?rest_route=\/wp\/v2\/pages"}],"about":[{"href":"https:\/\/vyrnab.cz\/index.php?rest_route=\/wp\/v2\/types\/page"}],"author":[{"embeddable":true,"href":"https:\/\/vyrnab.cz\/index.php?rest_route=\/wp\/v2\/users\/1"}],"replies":[{"embeddable":true,"href":"https:\/\/vyrnab.cz\/index.php?rest_route=%2Fwp%2Fv2%2Fcomments&post=470"}],"version-history":[{"count":8,"href":"https:\/\/vyrnab.cz\/index.php?rest_route=\/wp\/v2\/pages\/470\/revisions"}],"predecessor-version":[{"id":484,"href":"https:\/\/vyrnab.cz\/index.php?rest_route=\/wp\/v2\/pages\/470\/revisions\/484"}],"wp:attachment":[{"href":"https:\/\/vyrnab.cz\/index.php?rest_route=%2Fwp%2Fv2%2Fmedia&parent=470"}],"curies":[{"name":"wp","href":"https:\/\/api.w.org\/{rel}","templated":true}]}}