{"id":604,"date":"2021-02-01T17:11:35","date_gmt":"2021-02-01T16:11:35","guid":{"rendered":"http:\/\/vyrnab.cz\/?page_id=604"},"modified":"2021-02-01T17:11:35","modified_gmt":"2021-02-01T16:11:35","slug":"jak-se-pripravit-na-novy-nabytek","status":"publish","type":"page","link":"https:\/\/vyrnab.cz\/?page_id=604","title":{"rendered":"Jak se p\u0159ipravit na nov\u00fd n\u00e1bytek"},"content":{"rendered":"\n<p class=\"has-text-align-center\">Rozd\u011blujeme p\u0159\u00edpravu na n\u011bkolik bod\u016f podle n\u00e1ro\u010dnosti. Jako z\u00e1kazn\u00edk mus\u00edte zajistit mnoho operac\u00ed ne\u017e se k v\u00e1m p\u0159ijede montovat nebo vykl\u00e1dat. Zde si \u0159ekneme nej\u010dast\u011bj\u0161\u00ed pot\u0159ebn\u00e9 p\u0159\u00edpravy pro zaji\u0161t\u011bn\u00ed nejlep\u0161\u00edch v\u00fdsledk\u016f.<\/p>\n\n\n\n<p><\/p>\n\n\n\n<p><\/p>\n\n\n\n<h2 class=\"has-text-align-center\">     P\u0159edstava, pl\u00e1ny a konzultace<\/h2>\n\n\n\n<p class=\"has-text-align-center\">Pokud stav\u00edte, nebo p\u0159ed\u011bl\u00e1v\u00e1te svoje bydlen\u00ed je dobr\u00e9 si v\u010das ud\u011blat pl\u00e1ny rozm\u00edst\u011bn\u00ed n\u00e1bytku. To v\u00e1m pom\u016f\u017ee p\u0159i instalac\u00edch vody, odpad\u016f, vzduchotechniky i elekt\u0159iny. P\u0159\u00edkladem je kuchy\u0148 s funk\u010dn\u00edm ostr\u016fvkem nap\u0159\u00edklad v\u011bt\u0161\u00ed se d\u0159ezem a varnou deskou. Pokud chcete odsava\u010d par zabudovan\u00fd v plo\u0161e desky bude to znamenat n\u00e1sleduj\u00edc\u00ed. Stavebn\u00ed instalace veden\u00e9 podlahou: tepl\u00e1 a studen\u00e1 voda, odpad, elekt\u0159ina, trubka na odtah par. Bohu\u017eel pokud se pro ostr\u016fvek rozhodnete a\u017e po dod\u011bl\u00e1n\u00ed podlah a tyto instalace m\u00e1te jinde v m\u00edstnosti, ji\u017e nelze ostr\u016fvek uskute\u010dnit bez slo\u017eit\u00fdch stavebn\u00edch \u00faprav.  Plat\u00ed to i opa\u010dn\u011b kdy\u017e se rozhodnete \u017ee ostr\u016fvek nechcete, ale v podlaze jsou ji\u017e naveden\u00e9 instalace. Jak kuchy\u0148 tak i kusov\u00fd st\u016fl vy\u017eaduj\u00ed tro\u0161ek t\u00e9 p\u0159edstavy, kde bude v m\u00edstnosti um\u00edst\u011bn.<\/p>\n\n\n\n<p class=\"has-text-align-center\">Na \u0159adu p\u0159ich\u00e1zej\u00ed pl\u00e1ny na p\u0159ibli\u017en\u00fd vzhled a styl n\u00e1bytku. M\u016f\u017eete vyu\u017e\u00edt slu\u017eeb jin\u00fdch firem pro design a nebo pl\u00e1novat p\u0159\u00edmo s v\u00fdrobcem n\u00e1bytku. Rozd\u00edl je v tom \u017ee v\u00fdrobce (v tomto p\u0159\u00edpad\u011b j\u00e1 Jan Sou\u010dek) v\u00e1m je schopen nab\u00eddnout v\u00fdrobky, kter\u00e9 se norm\u00e1ln\u011b ned\u011blaj\u00ed nebo zde nejsou a\u017e tolik dostupn\u00e9 nebo pou\u017e\u00edvan\u00e9.<\/p>\n\n\n\n<p class=\"has-text-align-center\">Nav\u00edc ka\u017ed\u00fd truhl\u00e1\u0159 m\u00e1 svoje v\u00fdrobn\u00ed standarty, postupy a teorie. Proto je dobr\u00e9 se s truhl\u00e1\u0159i dohodnout na v\u0161em, co by v\u00e1m mohlo osobn\u011b vadit. Nap\u0159\u00edklad prostupy vzduchu konstrukc\u00ed n\u00e1bytku, nohy n\u00e1bytku, typ kov\u00e1n\u00ed a mnoho jin\u00e9ho.<\/p>\n\n\n\n<p class=\"has-text-align-center\">Konzultace s truhl\u00e1\u0159em m\u016f\u017ee za\u010d\u00edt libovoln\u011b dle va\u0161ich pot\u0159eb.  M\u016f\u017ee v\u00e1m radit ji\u017e od rozm\u00edst\u011bn\u00ed a\u017e po fin\u00e1ln\u00ed zam\u011b\u0159en\u00edm a grafick\u00e9 n\u00e1vrhy.<\/p>\n\n\n\n<div style=\"height:100px\" aria-hidden=\"true\" class=\"wp-block-spacer\"><\/div>\n\n\n\n<h2 class=\"has-text-align-center\">Zaji\u0161t\u011bn\u00ed p\u0159\u00edstupu<\/h2>\n\n\n\n<p class=\"has-text-align-center\">Je dobr\u00e9 zajistit voln\u00fd p\u0159\u00edstup do m\u00edstnosti a co nejbl\u00ed\u017ee domu. To znamen\u00e1 parkovac\u00ed m\u00edsto pro n\u00e1kladn\u00ed v\u016fz a volnou cestu bez p\u0159ek\u00e1\u017eek. Bohu\u017eel se n\u011bkdy st\u00e1v\u00e1 \u017ee z\u00e1kazn\u00edk s\u00e1m nem\u00e1 kde zaparkovat, p\u0159\u00edstupov\u00e1 cesta je mal\u00e1 a na chodb\u011b v\u0161e co bylo v p\u016fvodn\u00edm n\u00e1bytku nebo i p\u016fvodn\u00ed n\u00e1bytek. Za n\u00e1sledek to m\u00e1 \u017ee truhl\u00e1\u0159 bude pracovn\u011b vyt\u00ed\u017een u\u017e jen z no\u0161en\u00ed od vzd\u00e1len\u00e9ho vozu, opatrnou manipulac\u00ed v \u00fazk\u00e9m prostoru p\u0159\u00edstupov\u00e9 cesty a nemal\u00e9m cvi\u010den\u00ed v zapln\u011bn\u00e9 chodb\u011b. Tyto skute\u010dnosti se mohou v\u00fdrazn\u011b projevit v cen\u011b mont\u00e1\u017ee.<\/p>\n\n\n\n<div style=\"height:100px\" aria-hidden=\"true\" class=\"wp-block-spacer\"><\/div>\n\n\n\n<h2 class=\"has-text-align-center\">P\u0159ipraven\u00fd prostor<\/h2>\n\n\n\n<p class=\"has-text-align-center\">M\u00edsto pro n\u00e1bytek by m\u011blo b\u00fdt vy\u010di\u0161t\u011bno a uklizeno. Pokud byla provedena v\u00fdmalba je pot\u0159eba dostate\u010dn\u011b v\u011btrat z d\u016fvodu vlhkosti zdiva. M\u00edsto je po v\u00fdmalb\u011b p\u0159ipraveno kdy vlhkost nep\u0159evy\u0161uje 60% relativn\u00ed vlhkosti. Po v\u00fdmalb\u011b je v m\u00edstnosti nap\u0159\u00edklad 90% vlhkosti a ta mus\u00ed pry\u010d, pokud u v\u00e1s bude nam\u011b\u0159eno v\u00edce ten den se nemontuje. P\u0159i vlhkosti nad 60% jako 65-70 % mohou mezi n\u00e1bytkem a st\u011bnou vznikat pl\u00edsn\u011b. Obvodov\u00e9 zdivo zase p\u0159i nedostatku v\u011btr\u00e1n\u00ed mezi n\u00e1bytkem a st\u011bnou m\u016f\u017ee zp\u016fsobit kondenzaci vlhkosti \u2013 tvorbu kapi\u010dek vody ,kter\u00e9 zv\u00fd\u0161\u00ed vlhkost a dojde k tvorb\u011b pl\u00edsn\u011b. Tvorba pl\u00edsn\u011b za\u010d\u00edn\u00e1 ji\u017e p\u0159i 70% relativn\u00ed vlhkosti v m\u00edstnosti a je pot\u0159eba vlhkost kontrolovat. Nejde jen o n\u00e1bytek ale zejm\u00e9na o va\u0161e zdrav\u00fd, stejn\u011b tak jako p\u0159\u00edli\u0161 such\u00e9 prost\u0159ed\u00ed. Doporu\u010den\u00e1 relativn\u00ed vlhkost v obytn\u00fdch \u010di p\u0159ev\u00e1\u017en\u011b vyu\u017e\u00edvan\u00fdch prostor\u016f je 40-60 % <\/p>\n","protected":false},"excerpt":{"rendered":"<p>Rozd\u011blujeme p\u0159\u00edpravu na n\u011bkolik bod\u016f podle n\u00e1ro\u010dnosti. Jako z\u00e1kazn\u00edk mus\u00edte zajistit mnoho operac\u00ed ne\u017e se k v\u00e1m p\u0159ijede montovat nebo vykl\u00e1dat. Zde si \u0159ekneme nej\u010dast\u011bj\u0161\u00ed pot\u0159ebn\u00e9 p\u0159\u00edpravy pro zaji\u0161t\u011bn\u00ed nejlep\u0161\u00edch v\u00fdsledk\u016f. P\u0159edstava, pl\u00e1ny a konzultace Pokud stav\u00edte, nebo p\u0159ed\u011bl\u00e1v\u00e1te svoje bydlen\u00ed je dobr\u00e9 si v\u010das ud\u011blat pl\u00e1ny rozm\u00edst\u011bn\u00ed n\u00e1bytku. To v\u00e1m pom\u016f\u017ee p\u0159i instalac\u00edch vody, [&hellip;]<\/p>\n","protected":false},"author":1,"featured_media":0,"parent":0,"menu_order":0,"comment_status":"closed","ping_status":"closed","template":"","meta":[],"_links":{"self":[{"href":"https:\/\/vyrnab.cz\/index.php?rest_route=\/wp\/v2\/pages\/604"}],"collection":[{"href":"https:\/\/vyrnab.cz\/index.php?rest_route=\/wp\/v2\/pages"}],"about":[{"href":"https:\/\/vyrnab.cz\/index.php?rest_route=\/wp\/v2\/types\/page"}],"author":[{"embeddable":true,"href":"https:\/\/vyrnab.cz\/index.php?rest_route=\/wp\/v2\/users\/1"}],"replies":[{"embeddable":true,"href":"https:\/\/vyrnab.cz\/index.php?rest_route=%2Fwp%2Fv2%2Fcomments&post=604"}],"version-history":[{"count":1,"href":"https:\/\/vyrnab.cz\/index.php?rest_route=\/wp\/v2\/pages\/604\/revisions"}],"predecessor-version":[{"id":605,"href":"https:\/\/vyrnab.cz\/index.php?rest_route=\/wp\/v2\/pages\/604\/revisions\/605"}],"wp:attachment":[{"href":"https:\/\/vyrnab.cz\/index.php?rest_route=%2Fwp%2Fv2%2Fmedia&parent=604"}],"curies":[{"name":"wp","href":"https:\/\/api.w.org\/{rel}","templated":true}]}}