{"id":676,"date":"2021-04-25T18:19:40","date_gmt":"2021-04-25T17:19:40","guid":{"rendered":"http:\/\/vyrnab.cz\/?page_id=676"},"modified":"2021-04-26T09:32:15","modified_gmt":"2021-04-26T08:32:15","slug":"gorenje","status":"publish","type":"page","link":"https:\/\/vyrnab.cz\/?page_id=676","title":{"rendered":"Gorenje"},"content":{"rendered":"\n<p class=\"has-text-align-center\">Jako partner spole\u010dnosti Gorenje v\u00e1m nab\u00edz\u00edm kompletn\u00ed slu\u017eby dod\u00e1vky vestavn\u00fdch spot\u0159ebi\u010d\u016f.<\/p>\n\n\n\n<p class=\"has-text-align-center\">Od samotn\u00e9ho v\u00fdb\u011bru spot\u0159ebi\u010d\u016f po dovoz a mont\u00e1\u017e.<\/p>\n\n\n\n<p class=\"has-text-align-center\">Prodlou\u017een\u00e9 z\u00e1ruky lze registrovat osobn\u011b, nebo je v\u00e1m r\u00e1d zaregistruji s\u00e1m.<\/p>\n\n\n\n<p class=\"has-text-align-center\">Servis spot\u0159ebi\u010d\u016f se \u0159e\u0161\u00ed pomoc\u00ed servisn\u00ed podory Gorenje, kter\u00fd naleznete <a href=\"https:\/\/cz.gorenje.com\/podpora\/zakaznicky-servis\">\u2192zde\u2190<\/a><\/p>\n\n\n\n<p class=\"has-text-align-center\"><a href=\"http:\/\/vyrnab.cz\/?page_id=651\" data-type=\"URL\" data-id=\"http:\/\/vyrnab.cz\/?page_id=651\">\u2192Chci v\u011bd\u011bt v\u00edce o spole\u010dnosti Gorenje\u2190<\/a><\/p>\n\n\n\n<div class=\"wp-block-media-text alignwide is-stacked-on-mobile\"><figure class=\"wp-block-media-text__media\"><a href=\"http:\/\/vyrnab.cz\/wp-content\/uploads\/2021\/04\/Catalogs-CZ-Skl-da-ka-vestavn-2020-4-2021-1.pdf\"><img loading=\"lazy\" width=\"1024\" height=\"308\" src=\"http:\/\/vyrnab.cz\/wp-content\/uploads\/2021\/04\/skladackaintroimage-1-1024x308.jpg\" alt=\"\" class=\"wp-image-693 size-full\" srcset=\"https:\/\/vyrnab.cz\/wp-content\/uploads\/2021\/04\/skladackaintroimage-1-1024x308.jpg 1024w, https:\/\/vyrnab.cz\/wp-content\/uploads\/2021\/04\/skladackaintroimage-1-300x90.jpg 300w, https:\/\/vyrnab.cz\/wp-content\/uploads\/2021\/04\/skladackaintroimage-1-768x231.jpg 768w, https:\/\/vyrnab.cz\/wp-content\/uploads\/2021\/04\/skladackaintroimage-1-676x204.jpg 676w, https:\/\/vyrnab.cz\/wp-content\/uploads\/2021\/04\/skladackaintroimage-1.jpg 1478w\" sizes=\"(max-width: 1024px) 100vw, 1024px\" \/><\/a><\/figure><div class=\"wp-block-media-text__content\">\n<p class=\"has-text-align-center has-large-font-size\">Nab\u00eddka nejprod\u00e1van\u011bj\u0161\u00edch vestavn\u00fdch spot\u0159ebi\u010d\u016f v p\u0159ehledn\u00e9 bro\u017eurce.<\/p>\n<\/div><\/div>\n\n\n\n<div class=\"wp-block-media-text alignwide has-media-on-the-right is-stacked-on-mobile\"><figure class=\"wp-block-media-text__media\"><a href=\"http:\/\/vyrnab.cz\/wp-content\/uploads\/2021\/04\/Catalogs-CZ-VESTAVN-A-VOLN-STOJ-C-SPOT-EBI-E-2020-2021-pdf.pdf\"><img loading=\"lazy\" width=\"743\" height=\"1000\" src=\"http:\/\/vyrnab.cz\/wp-content\/uploads\/2021\/04\/kataslogintroimage-1.jpg\" alt=\"\" class=\"wp-image-694 size-full\" srcset=\"https:\/\/vyrnab.cz\/wp-content\/uploads\/2021\/04\/kataslogintroimage-1.jpg 743w, https:\/\/vyrnab.cz\/wp-content\/uploads\/2021\/04\/kataslogintroimage-1-223x300.jpg 223w, https:\/\/vyrnab.cz\/wp-content\/uploads\/2021\/04\/kataslogintroimage-1-676x910.jpg 676w\" sizes=\"(max-width: 743px) 100vw, 743px\" \/><\/a><\/figure><div class=\"wp-block-media-text__content\">\n<p class=\"has-text-align-center has-large-font-size\">Velk\u00fd katalog nab\u00eddky spole\u010dnosti Gorenje vestavn\u00fdch a voln\u011bstoj\u00edc\u00edch spot\u0159ebi\u010d\u016f.<\/p>\n<\/div><\/div>\n","protected":false},"excerpt":{"rendered":"<p>Jako partner spole\u010dnosti Gorenje v\u00e1m nab\u00edz\u00edm kompletn\u00ed slu\u017eby dod\u00e1vky vestavn\u00fdch spot\u0159ebi\u010d\u016f. Od samotn\u00e9ho v\u00fdb\u011bru spot\u0159ebi\u010d\u016f po dovoz a mont\u00e1\u017e. Prodlou\u017een\u00e9 z\u00e1ruky lze registrovat osobn\u011b, nebo je v\u00e1m r\u00e1d zaregistruji s\u00e1m. Servis spot\u0159ebi\u010d\u016f se \u0159e\u0161\u00ed pomoc\u00ed servisn\u00ed podory Gorenje, kter\u00fd naleznete \u2192zde\u2190 \u2192Chci v\u011bd\u011bt v\u00edce o spole\u010dnosti Gorenje\u2190 Nab\u00eddka nejprod\u00e1van\u011bj\u0161\u00edch vestavn\u00fdch spot\u0159ebi\u010d\u016f v p\u0159ehledn\u00e9 bro\u017eurce. Velk\u00fd [&hellip;]<\/p>\n","protected":false},"author":1,"featured_media":0,"parent":0,"menu_order":0,"comment_status":"closed","ping_status":"closed","template":"","meta":[],"_links":{"self":[{"href":"https:\/\/vyrnab.cz\/index.php?rest_route=\/wp\/v2\/pages\/676"}],"collection":[{"href":"https:\/\/vyrnab.cz\/index.php?rest_route=\/wp\/v2\/pages"}],"about":[{"href":"https:\/\/vyrnab.cz\/index.php?rest_route=\/wp\/v2\/types\/page"}],"author":[{"embeddable":true,"href":"https:\/\/vyrnab.cz\/index.php?rest_route=\/wp\/v2\/users\/1"}],"replies":[{"embeddable":true,"href":"https:\/\/vyrnab.cz\/index.php?rest_route=%2Fwp%2Fv2%2Fcomments&post=676"}],"version-history":[{"count":5,"href":"https:\/\/vyrnab.cz\/index.php?rest_route=\/wp\/v2\/pages\/676\/revisions"}],"predecessor-version":[{"id":710,"href":"https:\/\/vyrnab.cz\/index.php?rest_route=\/wp\/v2\/pages\/676\/revisions\/710"}],"wp:attachment":[{"href":"https:\/\/vyrnab.cz\/index.php?rest_route=%2Fwp%2Fv2%2Fmedia&parent=676"}],"curies":[{"name":"wp","href":"https:\/\/api.w.org\/{rel}","templated":true}]}}